{"id":263,"date":"2025-02-12T16:05:15","date_gmt":"2025-02-12T16:05:15","guid":{"rendered":"https:\/\/council.nyc.gov\/jennifer-gutierrez\/?page_id=263"},"modified":"2025-02-12T16:05:15","modified_gmt":"2025-02-12T16:05:15","slug":"conozca-sus-derechos","status":"publish","type":"page","link":"https:\/\/council.nyc.gov\/jennifer-gutierrez\/conozca-sus-derechos\/","title":{"rendered":"Conozca Sus Derechos"},"content":{"rendered":"<p>A medida que este pa\u00eds experimenta un cambio de administraci\u00f3n, que busca socavar nuestro sustento, es importante recordar que nuestros derechos legales fundamentales como seres humanos permanecen inalterados. Todos tenemos derechos, y es crucial educarnos para que podamos defendernos eficazmente contra cualquier situaci\u00f3n que podamos encontrar.<\/p>\n<p class=\"has-text-align-center\" style=\"font-size:37px\"><strong>Derechos Legales<\/strong><\/p>\n<p class=\"has-text-align-center\" style=\"font-size:29px\"><strong>Derecho al Debido Proceso<\/strong><\/p>\n<p>Seg\u00fan la 5\u00aa Enmienda, todos merecen una audiencia justa e imparcial. Los inmigrantes tienen derecho a ser informados de todos los cargos presentados en su contra y tienen derecho a un abogado para impugnar y presentar pruebas que los defiendan en su caso.<\/p>\n<p><em>*Los inmigrantes ilegales que han estado en el pa\u00eds por menos de 2 a\u00f1os y son detenidos dentro de las 100 millas de la frontera de los EE. UU. pueden estar sujetos a procedimientos de deportaci\u00f3n acelerados, que no incluyen una audiencia ante un juez de inmigraci\u00f3n. Sin embargo, a los solicitantes de asilo se les debe conceder este derecho.<\/em><\/p>\n<p>Seg\u00fan la 14\u00aa Enmienda, otorga igual protecci\u00f3n para todos, proh\u00edbe que un estado niegue a cualquier persona la protecci\u00f3n de las leyes, en otras palabras, los inmigrantes indocumentados reciben la misma protecci\u00f3n legal que los ciudadanos.<\/p>\n<p class=\"has-text-align-center\" style=\"font-size:29px\"><strong>Derecho a la asistencia letrada<\/strong><\/p>\n<p>Seg\u00fan la 6\u00aa Enmienda, los inmigrantes indocumentados que se enfrentan a la deportaci\u00f3n tienen derecho a un abogado en todos los procedimientos penales, lo que significa que el gobierno de los Estados Unidos les proporciona un abogado. Este derecho var\u00eda dependiendo de si un procedimiento de deportaci\u00f3n se clasifica como un caso civil o penal.<\/p>\n<p class=\"has-text-align-center\" style=\"font-size:29px\"><strong>Derecho contra registros e incautaciones irrazonables<\/strong><\/p>\n<p>De acuerdo con la 4\u00aa Enmienda, las personas no pueden ser registradas por el gobierno, ya sea en su propiedad o persona, sin una orden judicial o una causa probable. Este derecho tambi\u00e9n protege a los inmigrantes.<\/p>\n<p class=\"has-text-align-center\" style=\"font-size:29px\"><strong>Derecho a un salario justo y a un entorno de trabajo seguro<\/strong><\/p>\n<p>Todos, incluidos los trabajadores indocumentados, tienen derecho a recibir un salario justo y a trabajar en un entorno seguro. Si trabajan en condiciones que se oponen a este derecho, tienen derecho a denunciar tales peligros y a estar a salvo de represalias. Es ilegal que los empleadores tomen represalias contra los empleados por informar o presentar una queja sobre cualquier cosa. Tambi\u00e9n es ilegal discriminar a los empleados, independientemente de su estatus migratorio, por motivos de edad, sexo, religi\u00f3n, nacionalidad, sexo, discapacidad, informaci\u00f3n gen\u00e9tica o embarazo. La Comisi\u00f3n para la Igualdad de Oportunidades en el Empleo (EEOC, por sus siglas en ingl\u00e9s) de EE. UU. hace cumplir esto a nivel federal.<\/p>\n<p class=\"has-text-align-center\" style=\"font-size:29px\"><strong>Derecho a la Educaci\u00f3n<\/strong><\/p>\n<p>Seg\u00fan la 14\u00aa Enmienda, todos los ni\u00f1os tienen derecho a la educaci\u00f3n, independientemente de su estatus migratorio, origen nacional o religi\u00f3n. Los empleados del DOE no preguntar\u00e1n ni llevar\u00e1n un registro del estado migratorio de los estudiantes o familiares. Si se enteran del estado migratorio, deben mantenerlo confidencial y no divulgar\u00e1n la informaci\u00f3n del estudiante a menos que la ley lo exija absolutamente. Las Escuelas P\u00fablicas de la Ciudad de Nueva York (NYCPS, por sus siglas en ingl\u00e9s) y la Oficina del Alcalde est\u00e1n comprometidas a proteger el derecho de cada estudiante a asistir a la escuela p\u00fablica. La Corte Suprema de los Estados Unidos tambi\u00e9n ha reconocido la importancia de la educaci\u00f3n p\u00fablica para todos los estudiantes.<\/p>\n<p>Los agentes del Servicio de Inmigraci\u00f3n y Control de Aduanas (ICE, por sus siglas en ingl\u00e9s) o cualquier otra entidad <strong>no pueden entrar<\/strong> a las escuelas, excepto cuando lo exija la ley. Las Escuelas P\u00fablicas de la Ciudad de Nueva York son y siguen siendo un lugar seguro para todos los estudiantes, familias y educadores.<\/p>\n<p class=\"has-text-align-center\" style=\"font-size:29px\"><strong>\u00bfQui\u00e9n corre el riesgo de ser arrestado por ICE?<\/strong><\/p>\n<ul class=\"wp-block-list\">\n<li>Cualquier persona con estatus migratorio ilegal<\/li>\n<li>Personas con estatus (por ejemplo, residentes permanentes legales, refugiados y titulares de visas), ya sea por poco o mucho tiempo y tienen ciertas condenas penales, incluso si estas condenas son de hace a\u00f1os o si no cumpli\u00f3 condena en la c\u00e1rcel o si su caso fue menor o un delito menor.<\/li>\n<\/ul>\n<p class=\"has-text-align-center\" style=\"font-size:29px\"><strong>Si te encuentras con ICE lo que debes de hacer es<\/strong><\/p>\n<p>Por lo general, los agentes de ICE ya conocen a la persona que quieren arrestar con anticipaci\u00f3n. Sin embargo, si se acercan a un transe\u00fante al azar, aseg\u00farese de saber c\u00f3mo actuar.<\/p>\n<p><strong>En la calle:<\/strong> La situaci\u00f3n puede implicar que camines y de repente escuches que te llaman por tu nombre. Te giras para mirar, y ellos se acercan para confirmar tu nombre, lo que lleva a tu detenci\u00f3n.<\/p>\n<p>Antes de confirmar su nombre o decir algo, pregunt\u00e9 <strong>&#8220;\u00bfPuedo irme?&#8221;<\/strong><\/p>\n<p>En caso afirmativo, \u2192 diga <strong>&#8220;No quiero responder a sus preguntas&#8221;<\/strong> o <strong>&#8220;Preferir\u00eda no hablar con usted en este momento&#8221;<\/strong> y al\u00e9jese.<\/p>\n<p>Si no es as\u00ed, comienzan a hacerle preguntas \u2192 Use su derecho a permanecer en silencio, esta es la quinta enmienda, un derecho constitucional: &#8220;ninguna persona . . . ser\u00e1 obligado en toda causa penal a declarar contra s\u00ed mismo, ni ser\u00e1 privado de la vida, la libertad o la propiedad, sin el debido proceso legal&#8221;. Este es un derecho legal aplicable a todos, independientemente de su estatus migratorio. Esto puede consistir en decir: <strong>&#8220;Elijo invocar la quinta&#8221;<\/strong> y luego decir <strong>&#8220;Necesito hablar con un abogado&#8221;<\/strong>.<\/p>\n<ul class=\"wp-block-list\">\n<li>Si ICE revisa sus bolsillos o pertenencias, diga <strong>&#8220;No doy mi consentimiento para un registro&#8221;<\/strong><\/li>\n<li>Si ICE le pide su firma, NO FIRME NADA.<\/li>\n<\/ul>\n<p>Si se olvida su derecho, recuerde no MENTIR ni mostrar documentos falsos, y no huya ni se resista al arresto, ya que esto puede perjudicarlo en el futuro. Si est\u00e1 en la corte penal para una fecha de audiencia, pida hablar con su defensor antes de que se lo lleven.<\/p>\n<p><strong>Fuera de su casa:<\/strong> Los agentes de ICE no pueden entrar a su vivienda incluso si usted abre la puerta para responder, a menos que haya una orden firmada por un juez. <strong>Tenga cuidado:<\/strong> Los agentes de ICE a menudo fingen ser polic\u00edas y dicen que quieren hablar con usted sobre el robo de identidad o una investigaci\u00f3n en curso. Tambi\u00e9n utilizan la fuerza y la intimidaci\u00f3n para obtener el consentimiento para entrar.<\/p>\n<p>Si hay personas fuera de su puerta, exigiendo informaci\u00f3n, aseg\u00farese primero de mantener la calma y la educaci\u00f3n.<\/p>\n<ul class=\"wp-block-list\">\n<li>Pida sus credenciales, informaci\u00f3n de contacto, para qu\u00e9 agencia trabajan, DHS o ICE y si tienen una orden firmada por un juez y que la deslicen por debajo de la puerta.<\/li>\n<li>Cuando le pidan informaci\u00f3n, diga: <strong>&#8220;No quiero hablar con usted en este momento&#8221;<\/strong>. No mientas.<\/li>\n<li>Si no hay una orden judicial, ni\u00e9guese a dejarlos entrar.<\/li>\n<li>Si est\u00e1n buscando a otra persona, p\u00eddales que dejen informaci\u00f3n de contacto. No tienes que decirles d\u00f3nde encontrar a la persona y no debes mentir.<\/li>\n<\/ul>\n<p><strong>En su casa:<\/strong> Si los agentes de ICE ingresan a su casa, esto es lo que debe hacer<\/p>\n<ul class=\"wp-block-list\">\n<li>D\u00edgales si hay ni\u00f1os u otros residentes vulnerables, como ancianos, embarazadas o personas enfermas en su casa.<\/li>\n<li>P\u00eddales que salgan a menos que tengan una orden firmada por un juez.<\/li>\n<li>Si entraron sin tu permiso, diles: <strong>&#8220;No doy mi consentimiento para que est\u00e9s en mi casa. Por favor, v\u00e1yanse&#8221;<\/strong>, incluso si ya est\u00e1n adentro.<\/li>\n<li>Si comienzan a registrar habitaciones o art\u00edculos en su casa, d\u00edgales <strong>&#8220;No doy mi consentimiento para que los registre&#8221;<\/strong>.<\/li>\n<li>Si ICE lo est\u00e1 arrestando, d\u00edgales si tiene problemas m\u00e9dicos o necesita organizar el cuidado de los ni\u00f1os, pero no responda ninguna pregunta que pueda incriminarlo (derecho de la Quinta Enmienda).<\/li>\n<\/ul>\n<p><strong>En el camino:<\/strong> En el estado de Nueva York, los conductores deben detenerse ante cualquier oficial de la ley, incluso si creen que no hicieron nada malo. La negativa a detenerse resultar\u00e1 en medidas violentas para detener el veh\u00edculo.<\/p>\n<p>Es posible que no sepa si ICE lo est\u00e1 deteniendo, ya que usan autos sin identificaci\u00f3n y usan ropa regular con chalecos que dicen &#8220;polic\u00eda&#8221;.<\/p>\n<p>Antes de responder a cualquiera de sus preguntas, primero obtenga su informaci\u00f3n, como qui\u00e9nes son y credenciales, como una tarjeta de identificaci\u00f3n y una credencial. Algunos ejemplos de preguntas que se pueden hacer son: <strong>&#8220;\u00bfEs usted la polic\u00eda?&#8221; \u2014\u00bfEs usted patrulla de carreteras? \u2014\u00bfEs usted inmigraci\u00f3n? &#8220;\u00bfPor qu\u00e9 me detienen?&#8221;<\/strong><\/p>\n<p>Si le piden que baje la ventanilla, h\u00e1galo ligeramente para evitar que el oficial meta la mano en su veh\u00edculo. Si le exigen una identificaci\u00f3n, aseg\u00farese de darles una tarjeta de identificaci\u00f3n de EE. UU. como una licencia de conducir, no un pasaporte extranjero o una visa vencida. Los pasajeros no est\u00e1n obligados a mostrar ning\u00fan tipo de identificaci\u00f3n ni responder a ninguna pregunta, si se les hace, alega la quinta.<\/p>\n<p class=\"has-text-align-center\" style=\"font-size:29px\"><strong>Asistencia Legal de Inmigraci\u00f3n <strong>y Recursos<\/strong><\/strong><\/p>\n<ul class=\"wp-block-list\">\n<li>Llame al 311 y diga &#8220;ayuda legal de inmigraci\u00f3n&#8221; para programar una cita para obtener ayuda legal de inmigraci\u00f3n gratuita y segura.\n<ul class=\"wp-block-list\">\n<li>ActionNYC es un programa gratuito y seguro de ayuda a la inmigraci\u00f3n. Hay m\u00e1s de 20 Centros de Apoyo Legal para Inmigraci\u00f3n, ubicados en las Bibliotecas P\u00fablicas de Nueva York, organizaciones comunitarias y escuelas en los cinco condados.<\/li>\n<\/ul>\n<\/li>\n<li>Si usted es v\u00edctima de un delito, incluido un delito de odio, le recomendamos que se comunique con el Departamento de Polic\u00eda de Nueva York, no preguntan el estado migratorio de las v\u00edctimas de delitos, testigos o cualquier persona que pida ayuda.\n<ul class=\"wp-block-list\">\n<li>Llame al 911 para el NYPD o al 646-610-5267 para el Grupo de Trabajo de Cr\u00edmenes de Odio del NYPD<\/li>\n<\/ul>\n<\/li>\n<\/ul>\n<ul class=\"wp-block-list\">\n<li>El Puente tiene una Cl\u00ednica de Inmigraci\u00f3n para ayudar a obtener Permisos de Trabajo\n<ul class=\"wp-block-list\">\n<li>Llame al 718-909-7466 de Lunes a Viernes de 10 a.m. a 6 p.m.<\/li>\n<li>Pr\u00f3xima fecha de la cl\u00ednica: 7\/02\/2025 y 27\/02\/2025 Inscr\u00edbete <a href=\"https:\/\/docs.google.com\/forms\/d\/e\/1FAIpQLSc7QBMN4_85zAOtvRd4oSrk-RSJs5dCqdBNd9aBFDhi_u5lSA\/viewform\">aqu\u00ed<\/a><\/li>\n<\/ul>\n<\/li>\n<li>El Departamento de Nuevos Estadounidenses del Estado de Nueva York proporciona ayuda legal e informaci\u00f3n sobre los centros de ayuda en su comunidad\n<ul class=\"wp-block-list\">\n<li>Llame a la l\u00ednea directa multiling\u00fce (800) &#8211; 566 &#8211; 7636<\/li>\n<\/ul>\n<\/li>\n<\/ul>\n<ul class=\"wp-block-list\">\n<li>El Ayuntamiento de Nueva York ha creado un sitio centralizado para acceder a todos los recursos disponibles y a las organizaciones que ofrecen ayuda <a href=\"https:\/\/council.nyc.gov\/know-your-rights\/#spanish\">aqu\u00ed<\/a><\/li>\n<li>Brooklyn Defender Services y ACLU hicieron un video para ayudar a los inmigrantes a saber qu\u00e9 hacer cuando se enfrentan a ICE en las situaciones m\u00e1s comunes, acceda <a href=\"https:\/\/www.wehaverights.us\/spanish\">aqu\u00ed<\/a><\/li>\n<li>La Sociedad de Ayuda Legal tiene un sitio web que comparte recursos cr\u00edticos para las comunidades de inmigrantes <a href=\"https:\/\/legalaidnyc.org\/news\/critical-resources-immigrant-communities\/\">aqu\u00ed<\/a><\/li>\n<li>Esto es lo que las Escuelas P\u00fablicas del DOE NYC est\u00e1n haciendo para proteger a los estudiantes inmigrantes, acceda <a href=\"https:\/\/infohub.nyced.org\/in-our-schools\/policies\/immigration-guidance-for-schools\">aqu\u00ed<\/a><\/li>\n<li>Sepa c\u00f3mo planificar su vida si corre el riesgo de ser deportado, acceda <a href=\"https:\/\/legalaidnyc.org\/wp-content\/uploads\/2025\/01\/Advance-Planning-for-Non-Citizen-Parents-01-17-2025.pdf\">aqu\u00ed<\/a><\/li>\n<\/ul>\n<p class=\"has-text-align-center\" style=\"font-size:29px\"><strong>Consejos para evitar el ICE<\/strong><\/p>\n<ul class=\"wp-block-list\">\n<li>Evite el contacto con Inmigraci\u00f3n: no solicite un cambio de inmigraci\u00f3n o para renovar su tarjeta verde y no viaje fuera de los Estados Unidos sin hablar primero con un abogado.<\/li>\n<li>Evite el contacto con el sistema de justicia penal: la polic\u00eda comparte su huellas dactilares con Inmigraci\u00f3n!<\/li>\n<\/ul>\n","protected":false},"excerpt":{"rendered":"<p>A medida que este pa\u00eds experimenta un cambio de administraci\u00f3n, que busca socavar nuestro sustento, es importante recordar que nuestros derechos legales fundamentales como seres humanos permanecen inalterados. Todos tenemos derechos, y es crucial educarnos para que podamos defendernos eficazmente contra cualquier situaci\u00f3n que podamos encontrar.<\/p>\n<p><strong>Derechos Legales<\/strong><\/p>\n<p><strong>Derecho al Debido Proceso<\/strong><\/p>\n<p>Seg\u00fan la 5\u00aa Enmienda, todos merecen una audiencia justa e imparcial.<\/p>\n<p>&#8230;<\/p>\n<p><strong><small><a href=\"https:\/\/council.nyc.gov\/jennifer-gutierrez\/conozca-sus-derechos\/\">READ MORE<\/a><\/small><\/strong><\/p>\n","protected":false},"author":232,"featured_media":0,"parent":0,"menu_order":0,"comment_status":"closed","ping_status":"closed","template":"","meta":{"footnotes":""},"class_list":["post-263","page","type-page","status-publish","hentry"],"_links":{"self":[{"href":"https:\/\/council.nyc.gov\/jennifer-gutierrez\/wp-json\/wp\/v2\/pages\/263","targetHints":{"allow":["GET"]}}],"collection":[{"href":"https:\/\/council.nyc.gov\/jennifer-gutierrez\/wp-json\/wp\/v2\/pages"}],"about":[{"href":"https:\/\/council.nyc.gov\/jennifer-gutierrez\/wp-json\/wp\/v2\/types\/page"}],"author":[{"embeddable":true,"href":"https:\/\/council.nyc.gov\/jennifer-gutierrez\/wp-json\/wp\/v2\/users\/232"}],"replies":[{"embeddable":true,"href":"https:\/\/council.nyc.gov\/jennifer-gutierrez\/wp-json\/wp\/v2\/comments?post=263"}],"version-history":[{"count":0,"href":"https:\/\/council.nyc.gov\/jennifer-gutierrez\/wp-json\/wp\/v2\/pages\/263\/revisions"}],"wp:attachment":[{"href":"https:\/\/council.nyc.gov\/jennifer-gutierrez\/wp-json\/wp\/v2\/media?parent=263"}],"curies":[{"name":"wp","href":"https:\/\/api.w.org\/{rel}","templated":true}]}}