{"id":40,"date":"2022-03-10T17:11:37","date_gmt":"2022-03-10T17:11:37","guid":{"rendered":"https:\/\/council.nyc.gov\/alexa-aviles\/?page_id=40"},"modified":"2023-03-13T19:22:18","modified_gmt":"2023-03-13T19:22:18","slug":"newsletters","status":"publish","type":"page","link":"https:\/\/council.nyc.gov\/alexa-aviles\/newsletters\/","title":{"rendered":"Newsletters"},"content":{"rendered":"<p>You can read our past email newsletters sent to our mailing list via the links below. <\/p>\n<p>Not a subscriber to our mailing list yet? <a href=\"https:\/\/iqconnect.lmhostediq.com\/iqextranet\/EForm.aspx?__cid=NYCC38&amp;__fid=100005\" data-type=\"URL\" data-id=\"https:\/\/iqconnect.lmhostediq.com\/iqextranet\/EForm.aspx?__cid=NYCC38&amp;__fid=100005\"><strong>You can sign up here.<\/strong><\/a><\/p>\n<h2 class=\"wp-block-heading\">English<\/h2>\n<p><a href=\"https:\/\/iqconnect.lmhostediq.com\/iqextranet\/view_newsletter.aspx?id=102942&amp;c=NYCC38\">March 2023 &#8211; Budget season heats up, BQE battle ahead and events!<\/a><\/p>\n<p><a href=\"https:\/\/iqconnect.lmhostediq.com\/iqextranet\/view_newsletter.aspx?id=102822&amp;c=NYCC38\" data-type=\"URL\" data-id=\"https:\/\/iqconnect.lmhostediq.com\/iqextranet\/view_newsletter.aspx?id=102822&amp;c=NYCC38\">February 2023 &#8211; District 38 Updates: last-mile bills, BQE updates and more<\/a><\/p>\n<p><a href=\"https:\/\/iqconnect.lmhostediq.com\/iqextranet\/view_newsletter.aspx?id=102763&amp;c=NYCC38\" data-type=\"URL\" data-id=\"https:\/\/iqconnect.lmhostediq.com\/iqextranet\/view_newsletter.aspx?id=102763&amp;c=NYCC38\">February 2023 &#8211; Apply for Community Board, CEC, events and more!<\/a><\/p>\n<p><a href=\"https:\/\/iqconnect.lmhostediq.com\/iqextranet\/view_newsletter.aspx?id=102502&amp;c=NYCC38\" data-type=\"URL\" data-id=\"https:\/\/iqconnect.lmhostediq.com\/iqextranet\/view_newsletter.aspx?id=102502&amp;c=NYCC38\">December 2022 &#8211; Holiday donation drives, participatory budgeting, heating season and more<\/a><\/p>\n<p><a href=\"https:\/\/iqconnect.lmhostediq.com\/iqextranet\/view_newsletter.aspx?id=102342&amp;c=NYCC38\" data-type=\"URL\" data-id=\"https:\/\/iqconnect.lmhostediq.com\/iqextranet\/view_newsletter.aspx?id=102342&amp;c=NYCC38\">November 2022 &#8211; Giving thanks, debt relief, parks updates and more<\/a><\/p>\n<p><a href=\"https:\/\/iqconnect.lmhostediq.com\/iqextranet\/view_newsletter.aspx?id=102202&amp;c=NYCC38\" data-type=\"URL\" data-id=\"https:\/\/iqconnect.lmhostediq.com\/iqextranet\/view_newsletter.aspx?id=102202&amp;c=NYCC38\">October 2022 &#8211; Donations for asylees, NYCHA updates, disaster capitalism<\/a><\/p>\n<p><a href=\"https:\/\/iqconnect.lmhostediq.com\/iqextranet\/view_newsletter.aspx?id=102162&amp;c=NYCC38\">September 2022 &#8211; Back-to-school, back to business<\/a><\/p>\n<p><a href=\"https:\/\/iqconnect.lmhostediq.com\/iqextranet\/view_newsletter.aspx?id=102102&amp;c=NYCC38\" data-type=\"URL\" data-id=\"https:\/\/iqconnect.lmhostediq.com\/iqextranet\/view_newsletter.aspx?id=102102&amp;c=NYCC38\">August 2022 &#8211; Schools budgets in the balance, redistricting, election deja vu<\/a><\/p>\n<p><a href=\"https:\/\/iqconnect.lmhostediq.com\/iqextranet\/view_newsletter.aspx?id=102082&amp;c=NYCC38\" data-type=\"URL\" data-id=\"https:\/\/iqconnect.lmhostediq.com\/iqextranet\/view_newsletter.aspx?id=102082&amp;c=NYCC38\">July 17, 2022 &#8211; Redistricting updates and rally for our schools<\/a><\/p>\n<p><a href=\"https:\/\/iqconnect.lmhostediq.com\/iqextranet\/view_newsletter.aspx?id=101782&amp;c=NYCC38\">July 2022 &#8211; City budget passes, utility relief, summer reading and more<\/a><\/p>\n<p><a href=\"https:\/\/iqconnect.lmhostediq.com\/iqextranet\/view_newsletter.aspx?id=101643&amp;c=NYCC38\" data-type=\"URL\" data-id=\"https:\/\/iqconnect.lmhostediq.com\/iqextranet\/view_newsletter.aspx?id=101643&amp;c=NYCC38\">June 14, 2022 &#8211; Why I voted no on the city budget<\/a><\/p>\n<p><a href=\"https:\/\/iqconnect.lmhostediq.com\/iqextranet\/view_newsletter.aspx?id=101602&amp;c=NYCC38\" data-type=\"URL\" data-id=\"https:\/\/iqconnect.lmhostediq.com\/iqextranet\/view_newsletter.aspx?id=101602&amp;c=NYCC38\">June 2022 &#8211; Celebrate summer and don&#8217;t forget to vote!<\/a><\/p>\n<p><a href=\"https:\/\/iqconnect.lmhostediq.com\/iqextranet\/view_newsletter.aspx?id=101562&amp;c=NYCC38\" data-type=\"URL\" data-id=\"https:\/\/iqconnect.lmhostediq.com\/iqextranet\/view_newsletter.aspx?id=101562&amp;c=NYCC38\">May 19, 2022 &#8211; Parents, this one&#8217;s for you \/\/ Padres, este mensaje es para ti \/\/ \u7236\u6bcd\uff0c\u8fd9\u6761\u4fe1\u606f\u662f\u7ed9\u4f60\u7684<\/a><\/p>\n<p><a href=\"https:\/\/iqconnect.lmhostediq.com\/iqextranet\/view_newsletter.aspx?id=101522&amp;c=NYCC38\" data-type=\"URL\" data-id=\"https:\/\/iqconnect.lmhostediq.com\/iqextranet\/view_newsletter.aspx?id=101522&amp;c=NYCC38\">May 17, 2022 &#8211; We need your voice on the city budget and to stop unfair rent hikes!<\/a><\/p>\n<p><a href=\"https:\/\/iqconnect.lmhostediq.com\/iqextranet\/view_newsletter.aspx?id=101503&amp;c=NYCC38\">May 2022 &#8211; Mayor&#8217;s budget, rent guidelines vote, climate hearing and more<\/a><\/p>\n<p><a href=\"https:\/\/iqconnect.lmhostediq.com\/iqextranet\/view_newsletter.aspx?id=101342&amp;c=NYCC38\">April 2022 &#8211; Legislation, participatory budgeting and much more<\/a><\/p>\n<p><a href=\"https:\/\/iqconnect.lmhostediq.com\/iqextranet\/view_newsletter.aspx?id=101243&amp;c=NYCC38\" data-type=\"URL\" data-id=\"https:\/\/iqconnect.lmhostediq.com\/iqextranet\/view_newsletter.aspx?id=101243&amp;c=NYCC38\">March 2022 &#8211; City budget updates and mobile office hours<\/a><\/p>\n<p><a rel=\"noreferrer noopener\" href=\"https:\/\/mailchi.mp\/59825baa4385\/my-first-district-newsletter-8975844?e=[UNIQID]\" target=\"_blank\">February 2022 &#8211; My first district newsletter<\/a><\/p>\n<h3 class=\"wp-block-heading\">En espa\u00f1ol<\/h3>\n<p><a href=\"https:\/\/iqconnect.lmhostediq.com\/iqextranet\/view_newsletter.aspx?id=102942&amp;c=NYCC38\" data-type=\"URL\" data-id=\"https:\/\/iqconnect.lmhostediq.com\/iqextranet\/view_newsletter.aspx?id=102942&amp;c=NYCC38\">Marzo 2023 &#8211; la temporada de presupuesto se calienta, la batalla sobre el BQE y eventos<\/a><\/p>\n<p><a href=\"https:\/\/iqconnect-lmhostediq-com.translate.goog\/iqextranet\/view_newsletter.aspx?id=102822&amp;c=NYCC38&amp;_x_tr_sl=auto&amp;_x_tr_tl=es&amp;_x_tr_hl=en&amp;_x_tr_pto=wapp\">Febrero 2023 &#8211; nueva legislaci\u00f3n, actualizaciones del BQE y m\u00e1s<\/a><\/p>\n<p><a href=\"https:\/\/iqconnect-lmhostediq-com.translate.goog\/iqextranet\/view_newsletter.aspx?id=102763&amp;c=NYCC38&amp;_x_tr_sl=auto&amp;_x_tr_tl=es&amp;_x_tr_hl=en&amp;_x_tr_pto=wapp\">Febrero 2023 &#8211; \u00a1Un\u00e9te a la Junta Comunitaria, CEC, eventos y m\u00e1s!<\/a><\/p>\n<p><a href=\"https:\/\/iqconnect-lmhostediq-com.translate.goog\/iqextranet\/view_newsletter.aspx?id=102502&amp;c=NYCC38&amp;_x_tr_sl=auto&amp;_x_tr_tl=es&amp;_x_tr_hl=en&amp;_x_tr_pto=wapp\" data-type=\"URL\" data-id=\"https:\/\/iqconnect-lmhostediq-com.translate.goog\/iqextranet\/view_newsletter.aspx?id=102502&amp;c=NYCC38&amp;_x_tr_sl=auto&amp;_x_tr_tl=es&amp;_x_tr_hl=en&amp;_x_tr_pto=wapp\">Diciembre 2022: campa\u00f1as de donaciones navide\u00f1as, presupuesto participativo, temporada de calefacci\u00f3n y m\u00e1s<\/a><\/p>\n<p><a href=\"https:\/\/iqconnect-lmhostediq-com.translate.goog\/iqextranet\/view_newsletter.aspx?id=102342&amp;c=NYCC38&amp;_x_tr_sl=auto&amp;_x_tr_tl=es&amp;_x_tr_hl=en&amp;_x_tr_pto=wapp\" data-type=\"URL\" data-id=\"https:\/\/iqconnect-lmhostediq-com.translate.goog\/iqextranet\/view_newsletter.aspx?id=102342&amp;c=NYCC38&amp;_x_tr_sl=auto&amp;_x_tr_tl=es&amp;_x_tr_hl=en&amp;_x_tr_pto=wapp\">Noviembre 2022 &#8211; Gratitud, alivio de deuda estudiantil y m\u00e1s actualizaciones<\/a><\/p>\n<p><a href=\"https:\/\/iqconnect-lmhostediq-com.translate.goog\/iqextranet\/view_newsletter.aspx?id=102202&amp;c=NYCC38&amp;_x_tr_sl=auto&amp;_x_tr_tl=es&amp;_x_tr_hl=en&amp;_x_tr_pto=wapp\">Octubre 2022 &#8211; Donaciones para asilados, actualizaciones de NYCHA<\/a><\/p>\n<p><a href=\"https:\/\/iqconnect-lmhostediq-com.translate.goog\/iqextranet\/view_newsletter.aspx?id=102162&amp;c=NYCC38&amp;_x_tr_sl=en&amp;_x_tr_tl=es&amp;_x_tr_hl=en&amp;_x_tr_pto=wapp\">Septiembre 2022 &#8211; Regreso a clases, de regreso a los negocios<\/a><\/p>\n<p><a href=\"https:\/\/iqconnect-lmhostediq-com.translate.goog\/iqextranet\/view_newsletter.aspx?id=102102&amp;c=NYCC38&amp;_x_tr_sl=auto&amp;_x_tr_tl=es&amp;_x_tr_hl=en&amp;_x_tr_pto=wapp\">Agosto 2022 &#8211; Escuelas en el balance, redistribuci\u00f3n de distritos y que no se olviden votar este mes<\/a><\/p>\n<p><a href=\"https:\/\/iqconnect-lmhostediq-com.translate.goog\/iqextranet\/view_newsletter.aspx?id=102082&amp;c=NYCC38&amp;_x_tr_sl=auto&amp;_x_tr_tl=es&amp;_x_tr_hl=en&amp;_x_tr_pto=wapp\" data-type=\"URL\" data-id=\"https:\/\/iqconnect-lmhostediq-com.translate.goog\/iqextranet\/view_newsletter.aspx?id=102082&amp;c=NYCC38&amp;_x_tr_sl=auto&amp;_x_tr_tl=es&amp;_x_tr_hl=en&amp;_x_tr_pto=wapp\">17 de julio 2022 &#8211; Noticias sobre la redistribuci\u00f3n de distritos locales y el presupuesto escolar<\/a><\/p>\n<p><a href=\"https:\/\/iqconnect-lmhostediq-com.translate.goog\/iqextranet\/view_newsletter.aspx?id=101782&amp;c=NYCC38&amp;_x_tr_sl=auto&amp;_x_tr_tl=es&amp;_x_tr_hl=en&amp;_x_tr_pto=wapp\">Julio 2022 &#8211; Presupuesto de la ciudad, alivio de la factura de g\u00e1s y electricidad, lectura de verano y m\u00e1s<\/a><\/p>\n<p><a href=\"https:\/\/iqconnect.lmhostediq.com\/iqextranet\/view_newsletter.aspx?id=101643&amp;c=NYCC38\" data-type=\"URL\" data-id=\"https:\/\/iqconnect.lmhostediq.com\/iqextranet\/view_newsletter.aspx?id=101643&amp;c=NYCC38\">14 de junio 2022 &#8211; Por qu\u00e9 vot\u00e9 no en el presupuesto municipal ayer<\/a><\/p>\n<p><a href=\"https:\/\/iqconnect-lmhostediq-com.translate.goog\/iqextranet\/view_newsletter.aspx?id=101602&amp;c=NYCC38&amp;_x_tr_sl=auto&amp;_x_tr_tl=es&amp;_x_tr_hl=en&amp;_x_tr_pto=wapp\" data-type=\"URL\" data-id=\"https:\/\/iqconnect-lmhostediq-com.translate.goog\/iqextranet\/view_newsletter.aspx?id=101602&amp;c=NYCC38&amp;_x_tr_sl=auto&amp;_x_tr_tl=es&amp;_x_tr_hl=en&amp;_x_tr_pto=wapp\">Junio 2022 &#8211; \u00a1Celebra el verano y no se olvide votar!<\/a><\/p>\n<p><a href=\"https:\/\/iqconnect.lmhostediq.com\/iqextranet\/view_newsletter.aspx?id=101562&amp;c=NYCC38\" data-type=\"URL\" data-id=\"https:\/\/iqconnect.lmhostediq.com\/iqextranet\/view_newsletter.aspx?id=101562&amp;c=NYCC38\">19 de mayo 2022 &#8211; Parents, this one&#8217;s for you \/\/ Padres, este mensaje es para ti \/\/ \u7236\u6bcd\uff0c\u8fd9\u6761\u4fe1\u606f\u662f\u7ed9\u4f60\u7684<\/a><br \/><a href=\"https:\/\/iqconnect-lmhostediq-com.translate.goog\/iqextranet\/view_newsletter.aspx?id=101503&amp;c=NYCC38&amp;_x_tr_sl=en&amp;_x_tr_tl=es&amp;_x_tr_hl=en&amp;_x_tr_pto=wapp\" data-type=\"URL\" data-id=\"https:\/\/iqconnect-lmhostediq-com.translate.goog\/iqextranet\/view_newsletter.aspx?id=101503&amp;c=NYCC38&amp;_x_tr_sl=en&amp;_x_tr_tl=es&amp;_x_tr_hl=en&amp;_x_tr_pto=wapp\">Mayo 2022 &#8211; El presupuesto executivo, la renta, audiencia sobre el clima y m\u00e1s<\/a><\/p>\n<p><a href=\"https:\/\/iqconnect-lmhostediq-com.translate.goog\/iqextranet\/view_newsletter.aspx?id=101342&amp;c=NYCC38&amp;_x_tr_sl=auto&amp;_x_tr_tl=es&amp;_x_tr_hl=en&amp;_x_tr_pto=wapp\">Abril 2022 &#8211; Legislaci\u00f3n, presupuesto participativo y m\u00e1s<\/a><\/p>\n<p><a href=\"https:\/\/iqconnect-lmhostediq-com.translate.goog\/iqextranet\/view_newsletter.aspx?id=101243&amp;c=NYCC38&amp;_x_tr_sl=auto&amp;_x_tr_tl=es&amp;_x_tr_hl=en&amp;_x_tr_pto=wapp\">Marzo 2022 &#8211; Presupuesto municipal y horarios de atenci\u00f3n<\/a><\/p>\n<p><a href=\"https:\/\/translate.google.com\/translate?sl=auto&amp;tl=es&amp;hl=en&amp;u=https:\/\/mailchi.mp\/59825baa4385\/my-first-district-newsletter-8975844?e%3D%5BUNIQID%5D&amp;client=webapp\">Febrero 2022 &#8211; Mi primer informe a la comunidad<\/a><\/p>\n<h3 class=\"wp-block-heading\">\u4e2d\u6587\u7ffb\u8bd1<\/h3>\n<p><a href=\"https:\/\/iqconnect.lmhostediq.com\/iqextranet\/view_newsletter.aspx?id=102942&amp;c=NYCC38\">2023 \u5e74 3 \u6708 &#8211; \u9884\u7b97\u5b63\u5347\u6e29\uff0cBQE \u6218\u6597\u63d0\u524d\u548c\u6d3b\u52a8\uff01<\/a><\/p>\n<p><a href=\"https:\/\/iqconnect-lmhostediq-com.translate.goog\/iqextranet\/view_newsletter.aspx?id=102822&amp;c=NYCC38&amp;_x_tr_sl=auto&amp;_x_tr_tl=zh-CN&amp;_x_tr_hl=en&amp;_x_tr_pto=wapp\">2023 \u5e74 2 \u6708 &#8211; 38 \u533a\u66f4\u65b0\uff1a\u6700\u540e\u4e00\u82f1\u91cc\u8d26\u5355\u3001BQE \u66f4\u65b0\u7b49<\/a><\/p>\n<p><a href=\"https:\/\/iqconnect-lmhostediq-com.translate.goog\/iqextranet\/view_newsletter.aspx?id=102763&amp;c=NYCC38&amp;_x_tr_sl=auto&amp;_x_tr_tl=zh-CN&amp;_x_tr_hl=en&amp;_x_tr_pto=wapp\">2023 \u5e74 2 \u6708 &#8211; \u7533\u8bf7\u793e\u533a\u59d4\u5458\u4f1a\u3001CEC\u3001\u6d3b\u52a8\u7b49\uff01<\/a><\/p>\n<p><a href=\"https:\/\/iqconnect-lmhostediq-com.translate.goog\/iqextranet\/view_newsletter.aspx?id=102502&amp;c=NYCC38&amp;_x_tr_sl=auto&amp;_x_tr_tl=zh-CN&amp;_x_tr_hl=en&amp;_x_tr_pto=wapp\" data-type=\"URL\" data-id=\"https:\/\/iqconnect-lmhostediq-com.translate.goog\/iqextranet\/view_newsletter.aspx?id=102502&amp;c=NYCC38&amp;_x_tr_sl=auto&amp;_x_tr_tl=zh-CN&amp;_x_tr_hl=en&amp;_x_tr_pto=wapp\">2022 \u5e74 12 \u6708 &#8211; \u5047\u65e5\u6350\u8d60\u6d3b\u52a8\u3001\u53c2\u4e0e\u5f0f\u9884\u7b97\u3001\u4f9b\u6696\u5b63\u7b49<\/a><\/p>\n<p><a href=\"https:\/\/iqconnect-lmhostediq-com.translate.goog\/iqextranet\/view_newsletter.aspx?id=102342&amp;c=NYCC38&amp;_x_tr_sl=auto&amp;_x_tr_tl=zh-CN&amp;_x_tr_hl=en&amp;_x_tr_pto=wapp\" data-type=\"URL\" data-id=\"https:\/\/iqconnect-lmhostediq-com.translate.goog\/iqextranet\/view_newsletter.aspx?id=102342&amp;c=NYCC38&amp;_x_tr_sl=auto&amp;_x_tr_tl=zh-CN&amp;_x_tr_hl=en&amp;_x_tr_pto=wapp\">2022 \u5e74 11 \u6708 &#8211; \u611f\u6069\u3001\u5b66\u751f\u503a\u52a1\u51cf\u514d\u548c\u66f4\u591a\u66f4\u65b0<\/a><\/p>\n<p><a href=\"https:\/\/iqconnect-lmhostediq-com.translate.goog\/iqextranet\/view_newsletter.aspx?id=102202&amp;c=NYCC38&amp;_x_tr_sl=auto&amp;_x_tr_tl=zh-CN&amp;_x_tr_hl=en&amp;_x_tr_pto=wapp\" data-type=\"URL\" data-id=\"https:\/\/iqconnect-lmhostediq-com.translate.goog\/iqextranet\/view_newsletter.aspx?id=102202&amp;c=NYCC38&amp;_x_tr_sl=auto&amp;_x_tr_tl=zh-CN&amp;_x_tr_hl=en&amp;_x_tr_pto=wapp\">2022 \u5e74 10 \u6708 &#8211; \u4e3a\u5e87\u62a4\u8005\u6350\u6b3e\uff0cNYCHA \u66f4\u65b0<\/a><\/p>\n<p><a href=\"https:\/\/iqconnect-lmhostediq-com.translate.goog\/iqextranet\/view_newsletter.aspx?id=102162&amp;c=NYCC38&amp;_x_tr_sl=en&amp;_x_tr_tl=zh-CN&amp;_x_tr_hl=en&amp;_x_tr_pto=wapp\">2022 \u5e74 9 \u6708 &#8211; \u8fd4\u6821\uff0c\u6062\u590d\u5de5\u4f5c<\/a><\/p>\n<p><a href=\"https:\/\/iqconnect-lmhostediq-com.translate.goog\/iqextranet\/view_newsletter.aspx?id=102102&amp;c=NYCC38&amp;_x_tr_sl=auto&amp;_x_tr_tl=zh-CN&amp;_x_tr_hl=en&amp;_x_tr_pto=wapp\">2022 \u5e74 8 \u6708 &#8211; \u5b66\u6821\u5e73\u8861\uff0c\u91cd\u65b0\u5212\u5206\u9009\u533a\uff0c\u522b\u5fd8\u4e86\u672c\u6708\u6295\u7968<\/a><\/p>\n<p><a href=\"https:\/\/iqconnect-lmhostediq-com.translate.goog\/iqextranet\/view_newsletter.aspx?id=102082&amp;c=NYCC38&amp;_x_tr_sl=auto&amp;_x_tr_tl=zh-CN&amp;_x_tr_hl=en&amp;_x_tr_pto=wapp\" data-type=\"URL\" data-id=\"https:\/\/iqconnect-lmhostediq-com.translate.goog\/iqextranet\/view_newsletter.aspx?id=102082&amp;c=NYCC38&amp;_x_tr_sl=auto&amp;_x_tr_tl=zh-CN&amp;_x_tr_hl=en&amp;_x_tr_pto=wapp\">2022 \u5e74 7 \u6708 17 \u65e5 &#8211; \u5730\u65b9\u91cd\u65b0\u5212\u5206\u548c\u5b66\u6821\u9884\u7b97\u65b0\u95fb<\/a><\/p>\n<p><a href=\"https:\/\/iqconnect-lmhostediq-com.translate.goog\/iqextranet\/view_newsletter.aspx?id=101782&amp;c=NYCC38&amp;_x_tr_sl=auto&amp;_x_tr_tl=zh-CN&amp;_x_tr_hl=en&amp;_x_tr_pto=wapp\">2022 \u5e74 7 \u6708 &#8211; \u57ce\u5e02\u9884\u7b97\u3001\u71c3\u6c14\u548c\u7535\u8d39\u51cf\u514d\u3001\u6691\u671f\u9605\u8bfb\u7b49<\/a><\/p>\n<p><a href=\"https:\/\/iqconnect.lmhostediq.com\/iqextranet\/view_newsletter.aspx?id=101643&amp;c=NYCC38\" data-type=\"URL\" data-id=\"https:\/\/iqconnect.lmhostediq.com\/iqextranet\/view_newsletter.aspx?id=101643&amp;c=NYCC38\">2022 \u5e74 6 \u6708 14 \u65e5 &#8211; \u4e3a\u4ec0\u4e48\u6211\u6628\u5929\u5bf9\u5e02\u653f\u9884\u7b97\u6295\u4e86\u53cd\u5bf9\u7968<\/a><\/p>\n<p><a href=\"https:\/\/iqconnect-lmhostediq-com.translate.goog\/iqextranet\/view_newsletter.aspx?id=101602&amp;c=NYCC38&amp;_x_tr_sl=en&amp;_x_tr_tl=zh-CN&amp;_x_tr_hl=en&amp;_x_tr_pto=wapp\" data-type=\"URL\" data-id=\"https:\/\/iqconnect-lmhostediq-com.translate.goog\/iqextranet\/view_newsletter.aspx?id=101602&amp;c=NYCC38&amp;_x_tr_sl=en&amp;_x_tr_tl=zh-CN&amp;_x_tr_hl=en&amp;_x_tr_pto=wapp\">2022 \u5e74 6 \u6708 &#8211; \u5e86\u795d\u590f\u5929\uff0c\u522b\u5fd8\u4e86\u6295\u7968\uff01<\/a><\/p>\n<p><a href=\"https:\/\/iqconnect.lmhostediq.com\/iqextranet\/view_newsletter.aspx?id=101562&amp;c=NYCC38\" data-type=\"URL\" data-id=\"https:\/\/iqconnect.lmhostediq.com\/iqextranet\/view_newsletter.aspx?id=101562&amp;c=NYCC38\">2022 \u5e74 5 \u6708 19 \u65e5 &#8211; Parents, this one&#8217;s for you \/\/ Padres, este mensaje es para ti \/\/ \u7236\u6bcd\uff0c\u8fd9\u6761\u4fe1\u606f\u662f\u7ed9\u4f60\u7684<\/a><br \/><a href=\"https:\/\/iqconnect-lmhostediq-com.translate.goog\/iqextranet\/view_newsletter.aspx?id=101503&amp;c=NYCC38&amp;_x_tr_sl=en&amp;_x_tr_tl=zh-CN&amp;_x_tr_hl=en&amp;_x_tr_pto=wapp\" data-type=\"URL\" data-id=\"https:\/\/iqconnect-lmhostediq-com.translate.goog\/iqextranet\/view_newsletter.aspx?id=101503&amp;c=NYCC38&amp;_x_tr_sl=en&amp;_x_tr_tl=zh-CN&amp;_x_tr_hl=en&amp;_x_tr_pto=wapp\">2022 \u5e74 5 \u6708 &#8211; \u5e02\u957f\u9884\u7b97\u3001\u79df\u91d1\u6307\u5357\u6295\u7968\u3001\u6c14\u5019\u542c\u8bc1\u4f1a\u7b49<\/a><\/p>\n<p><a href=\"https:\/\/iqconnect-lmhostediq-com.translate.goog\/iqextranet\/view_newsletter.aspx?id=101342&amp;c=NYCC38&amp;_x_tr_sl=en&amp;_x_tr_tl=zh-CN&amp;_x_tr_hl=en&amp;_x_tr_pto=wapp\">2022 \u5e74 4 \u6708 &#8211; \u7acb\u6cd5\u3001\u53c2\u4e0e\u5f0f\u9884\u7b97\u7b49<\/a><\/p>\n<p><a href=\"https:\/\/iqconnect-lmhostediq-com.translate.goog\/iqextranet\/view_newsletter.aspx?id=101243&amp;c=NYCC38&amp;_x_tr_sl=en&amp;_x_tr_tl=zh-CN&amp;_x_tr_hl=en&amp;_x_tr_pto=wapp\">2022 \u5e74 3 \u6708 &#8211; \u57ce\u5e02\u9884\u7b97\u66f4\u65b0\u548c\u7b2c\u516b\u5927\u9053\u529e\u516c\u65f6\u95f4<\/a><\/p>\n<p><a href=\"https:\/\/mailchi-mp.translate.goog\/59825baa4385\/my-first-district-newsletter-8975844?e=%5BUNIQID%5D&amp;_x_tr_sl=en&amp;_x_tr_tl=zh-CN&amp;_x_tr_hl=en&amp;_x_tr_pto=wapp\">2022 \u5e74 2 \u6708 &#8211; \u6211\u7684\u7b2c\u4e00\u4efd\u5730\u533a\u901a\u8baf<\/a><\/p>\n","protected":false},"excerpt":{"rendered":"<p>You can read our past email newsletters sent to our mailing list via the links below. <\/p>\n<p>Not a subscriber to our mailing list yet? <a href=\"https:\/\/iqconnect.lmhostediq.com\/iqextranet\/EForm.aspx?__cid=NYCC38&amp;__fid=100005\" data-type=\"URL\" data-id=\"https:\/\/iqconnect.lmhostediq.com\/iqextranet\/EForm.aspx?__cid=NYCC38&amp;__fid=100005\"><strong>You can sign up here.<\/strong><\/a><\/p>\n<p>English<\/p>\n<p><a href=\"https:\/\/iqconnect.lmhostediq.com\/iqextranet\/view_newsletter.aspx?id=102942&amp;c=NYCC38\">March 2023 &#8211; Budget season heats up, BQE battle ahead and events!<\/a><\/p>\n<p><a href=\"https:\/\/iqconnect.lmhostediq.com\/iqextranet\/view_newsletter.aspx?id=102822&amp;c=NYCC38\" data-type=\"URL\" data-id=\"https:\/\/iqconnect.lmhostediq.com\/iqextranet\/view_newsletter.aspx?id=102822&amp;c=NYCC38\">February 2023 &#8211; District 38 Updates: last-mile bills, BQE updates and more<\/a><\/p>\n<p><a href=\"https:\/\/iqconnect.lmhostediq.com\/iqextranet\/view_newsletter.aspx?id=102763&amp;c=NYCC38\" data-type=\"URL\" data-id=\"https:\/\/iqconnect.lmhostediq.com\/iqextranet\/view_newsletter.aspx?id=102763&amp;c=NYCC38\">February 2023 &#8211;<\/a><\/p>\n<p>&#8230;<\/p>\n<p><strong><small><a href=\"https:\/\/council.nyc.gov\/alexa-aviles\/newsletters\/\">READ MORE<\/a><\/small><\/strong><\/p>\n","protected":false},"author":209,"featured_media":0,"parent":0,"menu_order":0,"comment_status":"closed","ping_status":"closed","template":"","meta":{"footnotes":""},"class_list":["post-40","page","type-page","status-publish","hentry"],"_links":{"self":[{"href":"https:\/\/council.nyc.gov\/alexa-aviles\/wp-json\/wp\/v2\/pages\/40","targetHints":{"allow":["GET"]}}],"collection":[{"href":"https:\/\/council.nyc.gov\/alexa-aviles\/wp-json\/wp\/v2\/pages"}],"about":[{"href":"https:\/\/council.nyc.gov\/alexa-aviles\/wp-json\/wp\/v2\/types\/page"}],"author":[{"embeddable":true,"href":"https:\/\/council.nyc.gov\/alexa-aviles\/wp-json\/wp\/v2\/users\/209"}],"replies":[{"embeddable":true,"href":"https:\/\/council.nyc.gov\/alexa-aviles\/wp-json\/wp\/v2\/comments?post=40"}],"version-history":[{"count":0,"href":"https:\/\/council.nyc.gov\/alexa-aviles\/wp-json\/wp\/v2\/pages\/40\/revisions"}],"wp:attachment":[{"href":"https:\/\/council.nyc.gov\/alexa-aviles\/wp-json\/wp\/v2\/media?parent=40"}],"curies":[{"name":"wp","href":"https:\/\/api.w.org\/{rel}","templated":true}]}}